{"id":7149,"date":"2022-01-31T16:25:44","date_gmt":"2022-01-31T16:25:44","guid":{"rendered":"https:\/\/servipernos.com\/?page_id=7149"},"modified":"2022-02-11T15:10:05","modified_gmt":"2022-02-11T15:10:05","slug":"registro","status":"publish","type":"page","link":"https:\/\/servipernos.com\/?page_id=7149","title":{"rendered":"Registro"},"content":{"rendered":"<p>[et_pb_section fb_built=\u00bb1&#8243; admin_label=\u00bbsection\u00bb _builder_version=\u00bb4.13.0&#8243; custom_margin=\u00bb0px||0px||false|false\u00bb custom_padding=\u00bb||0px||false|false\u00bb top_divider_style=\u00bbcurve2&#8243; top_divider_color=\u00bbgcid-74babab7-f6a5-481b-ac1a-1d2f5b6e7c18&#8243; global_colors_info=\u00bb{%22gcid-74babab7-f6a5-481b-ac1a-1d2f5b6e7c18%22:%91%22top_divider_color%22,%22top_divider_color%22%93,%22gcid-bda88d27-6a90-4303-b80f-903049ca75c7%22:%91%22top_divider_color%22%93}\u00bb top_divider_height=\u00bb206px\u00bb top_divider_repeat=\u00bb1x\u00bb top_divider_flip=\u00bbhorizontal|vertical\u00bb bottom_divider_style=\u00bbasymmetric4&#8243; bottom_divider_color=\u00bb#255ba3&#8243; bottom_divider_height=\u00bb198px\u00bb bottom_divider_repeat=\u00bb1x\u00bb bottom_divider_flip=\u00bbhorizontal\u00bb background_enable_image=\u00bboff\u00bb][et_pb_row column_structure=\u00bb1_2,1_2&#8243; admin_label=\u00bbrow\u00bb _builder_version=\u00bb4.13.0&#8243; background_enable_color=\u00bboff\u00bb background_size=\u00bbinitial\u00bb background_position=\u00bbtop_left\u00bb background_repeat=\u00bbrepeat\u00bb hover_enabled=\u00bb0&#8243; global_colors_info=\u00bb{}\u00bb custom_margin=\u00bb||1px||false|false\u00bb custom_padding=\u00bb||59px||false|false\u00bb sticky_enabled=\u00bb0&#8243;][et_pb_column type=\u00bb1_2&#8243; _builder_version=\u00bb3.25&#8243; custom_padding=\u00bb|||\u00bb global_colors_info=\u00bb{}\u00bb custom_padding__hover=\u00bb|||\u00bb][et_pb_text admin_label=\u00bbText\u00bb _builder_version=\u00bb4.13.0&#8243; text_font=\u00bbAlata|700|||||||\u00bb text_text_color=\u00bbgcid-9924b95b-e4dc-40ee-a927-d7d276d0ee15&#8243; text_font_size=\u00bb20px\u00bb header_font=\u00bbAlata|700|||||||\u00bb header_text_align=\u00bbleft\u00bb header_2_font=\u00bbAlata|700|||||||\u00bb header_2_text_align=\u00bbcenter\u00bb header_2_text_color=\u00bbgcid-74babab7-f6a5-481b-ac1a-1d2f5b6e7c18&#8243; header_2_font_size=\u00bb40px\u00bb background_size=\u00bbinitial\u00bb background_position=\u00bbtop_left\u00bb background_repeat=\u00bbrepeat\u00bb text_orientation=\u00bbcenter\u00bb width=\u00bb77.2%\u00bb module_alignment=\u00bbcenter\u00bb global_colors_info=\u00bb{%22gcid-74babab7-f6a5-481b-ac1a-1d2f5b6e7c18%22:%91%22header_2_text_color%22%93,%22gcid-9924b95b-e4dc-40ee-a927-d7d276d0ee15%22:%91%22text_text_color%22%93}\u00bb custom_margin=\u00bb90px|46px||100px||\u00bb custom_padding=\u00bb|13px||||\u00bb]<\/p>\n<div class=\"elementor-element elementor-element-edad4c1 elementor-widget elementor-widget-heading\" data-id=\"edad4c1\" data-element_type=\"widget\" data-widget_type=\"heading.default\">\n<div class=\"elementor-widget-container\">\n<h2 class=\"elementor-heading-title elementor-size-default\">Suscripci\u00f3n Novedades<\/h2>\n<\/div>\n<\/div>\n<div class=\"elementor-element elementor-element-02e7163 elementor-widget elementor-widget-text-editor\" data-id=\"02e7163\" data-element_type=\"widget\" data-widget_type=\"text-editor.default\">\n<div class=\"elementor-widget-container\">\n<div class=\"elementor-text-editor elementor-clearfix\">\n<p>Le enviaremos todas nuestras promociones y ofertas de venta de pernos y afines para que obtenga los mejores presupuestos.<\/p>\n<\/div>\n<\/div>\n<\/div>\n<div class=\"user-registration ur-frontend-form  \" id=\"user-registration-form-7146\">\n<form method=\"post\" class=\"register\" data-form-id=\"7146\" data-enable-strength-password=\"\" data-minimum-password-strength=\"3\" data-captcha-enabled=\"1\" novalidate=\"novalidate\">\n<div class=\"ur-form-row\">\n<div class=\"ur-form-grid ur-grid-1\" style=\"width: 99%;\">\n<div data-field-id=\"user_email\" class=\"ur-field-item field-user_email \">\n<div class=\"form-row validate-required\" id=\"user_email_field\" data-priority=\"\"><label for=\"user_email\" class=\"ur-label\">Correo Electr\u00f3nico <abbr class=\"required\" title=\"obligatorio\">*<\/abbr><\/label> <span class=\"input-wrapper\"> <input data-rules=\"\" data-id=\"user_email\" type=\"email\" class=\"input-text without_icon input-email ur-frontend-field  \" name=\"user_email\" id=\"user_email\" placeholder=\"\" value=\"\" required=\"required\" data-label=\"Correo Electr\u00f3nico\" \/> <\/span><\/div>\n<\/div>\n<div data-field-id=\"user_pass\" class=\"ur-field-item field-user_pass \">\n<div class=\"form-row validate-required hide_show_password\" id=\"user_pass_field\" data-priority=\"\"><label for=\"user_pass\" class=\"ur-label\">Contrase\u00f1a <abbr class=\"required\" title=\"obligatorio\">*<\/abbr><\/label> <span class=\"input-wrapper\"> <span class=\"password-input-group input-form-field-icons\"><input data-rules=\"\" data-id=\"user_pass\" type=\"password\" class=\"input-text without_icon input-password ur-frontend-field  \" name=\"user_pass\" id=\"user_pass\" placeholder=\"\" value=\"\" required=\"required\" data-label=\"Contrase\u00f1a\" \/><a class=\"password_preview dashicons dashicons-hidden\" title=\" Show password \"><\/a><\/span> <\/span><\/div>\n<\/div>\n<div data-field-id=\"user_confirm_password\" class=\"ur-field-item field-user_confirm_password \">\n<div class=\"form-row validate-required hide_show_password\" id=\"user_confirm_password_field\" data-priority=\"\"><label for=\"user_confirm_password\" class=\"ur-label\">Confirmar Contrase\u00f1a <abbr class=\"required\" title=\"obligatorio\">*<\/abbr><\/label> <span class=\"input-wrapper\"> <span class=\"password-input-group input-form-field-icons\"><input data-rules=\"\" data-id=\"user_confirm_password\" type=\"password\" class=\"input-text without_icon input-password ur-frontend-field  \" name=\"user_confirm_password\" id=\"user_confirm_password\" placeholder=\"\" value=\"\" required=\"required\" data-label=\"Confirmar Contrase\u00f1a\" \/><a class=\"password_preview dashicons dashicons-hidden\" title=\" Show password \"><\/a><\/span> <\/span><\/div>\n<\/div>\n<\/div>\n<\/div>\n<div class=\"ur-button-container \"><button type=\"submit\" class=\"btn button ur-submit-button \"> <span><\/span> REGISTRARSE <\/button><\/div>\n<div style=\"clear: both;\"><\/div>\n<p><input type=\"hidden\" name=\"ur-user-form-id\" value=\"7146\" \/> <input type=\"hidden\" name=\"ur-redirect-url\" value=\"\" \/> <input type=\"hidden\" id=\"ur_frontend_form_nonce\" name=\"ur_frontend_form_nonce\" value=\"2f469bdffc\" \/><\/p>\n<\/form>\n<div style=\"clear: both;\"><\/div>\n<\/div>\n<p>&nbsp;<\/p>\n<p>[\/et_pb_text][\/et_pb_column][et_pb_column type=\u00bb1_2&#8243; _builder_version=\u00bb3.25&#8243; custom_padding=\u00bb|||\u00bb global_colors_info=\u00bb{}\u00bb custom_padding__hover=\u00bb|||\u00bb][et_pb_gallery gallery_ids=\u00bb7095,7308,7307,7304,7305,7306,7303&#8243; fullwidth=\u00bbon\u00bb _builder_version=\u00bb4.13.0&#8243; _module_preset=\u00bbdefault\u00bb module_alignment=\u00bbcenter\u00bb auto=\u00bbon\u00bb auto_speed=\u00bb3500&#8243; hover_enabled=\u00bb0&#8243; global_colors_info=\u00bb{}\u00bb sticky_enabled=\u00bb0&#8243; custom_margin=\u00bb93px|4px||-51px|false|false\u00bb custom_padding=\u00bb|65px||0px|false|false\u00bb][\/et_pb_gallery][\/et_pb_column][\/et_pb_row][\/et_pb_section]<\/p>\n","protected":false},"excerpt":{"rendered":"<p>Suscripci\u00f3n Novedades Le enviaremos todas nuestras promociones y ofertas de venta de pernos y afines para que obtenga los mejores presupuestos. Correo Electr\u00f3nico * Contrase\u00f1a * Confirmar Contrase\u00f1a * REGISTRARSE &nbsp;<\/p>\n","protected":false},"author":1,"featured_media":0,"parent":0,"menu_order":0,"comment_status":"closed","ping_status":"closed","template":"","meta":{"_et_pb_use_builder":"on","_et_pb_old_content":"[user_registration_form id=\"7146\"]","_et_gb_content_width":"","_monsterinsights_skip_tracking":false,"_monsterinsights_sitenote_active":false,"_monsterinsights_sitenote_note":"","_monsterinsights_sitenote_category":0,"_joinchat":[],"footnotes":""},"class_list":["post-7149","page","type-page","status-publish","hentry"],"aioseo_notices":[],"_links":{"self":[{"href":"https:\/\/servipernos.com\/index.php?rest_route=\/wp\/v2\/pages\/7149","targetHints":{"allow":["GET"]}}],"collection":[{"href":"https:\/\/servipernos.com\/index.php?rest_route=\/wp\/v2\/pages"}],"about":[{"href":"https:\/\/servipernos.com\/index.php?rest_route=\/wp\/v2\/types\/page"}],"author":[{"embeddable":true,"href":"https:\/\/servipernos.com\/index.php?rest_route=\/wp\/v2\/users\/1"}],"replies":[{"embeddable":true,"href":"https:\/\/servipernos.com\/index.php?rest_route=%2Fwp%2Fv2%2Fcomments&post=7149"}],"version-history":[{"count":3,"href":"https:\/\/servipernos.com\/index.php?rest_route=\/wp\/v2\/pages\/7149\/revisions"}],"predecessor-version":[{"id":7729,"href":"https:\/\/servipernos.com\/index.php?rest_route=\/wp\/v2\/pages\/7149\/revisions\/7729"}],"wp:attachment":[{"href":"https:\/\/servipernos.com\/index.php?rest_route=%2Fwp%2Fv2%2Fmedia&parent=7149"}],"curies":[{"name":"wp","href":"https:\/\/api.w.org\/{rel}","templated":true}]}}