{"id":5888,"date":"2022-01-07T16:26:20","date_gmt":"2022-01-07T16:26:20","guid":{"rendered":"https:\/\/servipernos.com\/?page_id=5888"},"modified":"2023-11-08T18:43:30","modified_gmt":"2023-11-08T18:43:30","slug":"herramientas","status":"publish","type":"page","link":"https:\/\/servipernos.com\/?page_id=5888","title":{"rendered":"HERRAMIENTAS"},"content":{"rendered":"\n[et_pb_section fb_built=\u00bb1&#8243; specialty=\u00bbon\u00bb _builder_version=\u00bb4.16&#8243; _module_preset=\u00bbdefault\u00bb use_background_color_gradient=\u00bbon\u00bb background_color_gradient_direction=\u00bb178deg\u00bb background_color_gradient_stops=\u00bbgcid-5ac792b4-a945-4bcc-bbba-2de574b4002b 45%|gcid-bda88d27-6a90-4303-b80f-903049ca75c7 64%\u00bb background_color_gradient_start=\u00bbgcid-5ac792b4-a945-4bcc-bbba-2de574b4002b\u00bb background_color_gradient_start_position=\u00bb45%\u00bb background_color_gradient_end=\u00bbgcid-bda88d27-6a90-4303-b80f-903049ca75c7&#8243; background_color_gradient_end_position=\u00bb64%\u00bb background_enable_image=\u00bboff\u00bb custom_margin=\u00bb0px||0px||false|false\u00bb custom_padding=\u00bb58px||||false|false\u00bb top_divider_style=\u00bbasymmetric4&#8243; top_divider_color=\u00bbgcid-bda88d27-6a90-4303-b80f-903049ca75c7&#8243; top_divider_height=\u00bb206px\u00bb top_divider_repeat=\u00bb1x\u00bb top_divider_flip=\u00bbhorizontal|vertical\u00bb bottom_divider_style=\u00bbasymmetric4&#8243; bottom_divider_color=\u00bb#255ba3&#8243; bottom_divider_height=\u00bb198px\u00bb bottom_divider_repeat=\u00bb1x\u00bb bottom_divider_flip=\u00bbhorizontal\u00bb global_colors_info=\u00bb{%22gcid-bda88d27-6a90-4303-b80f-903049ca75c7%22:%91%22top_divider_color%22%93}\u00bb][et_pb_column type=\u00bb1_2&#8243; specialty_columns=\u00bb2&#8243; _builder_version=\u00bb4.16&#8243; custom_padding=\u00bb|||\u00bb global_colors_info=\u00bb{}\u00bb custom_padding__hover=\u00bb|||\u00bb][et_pb_row_inner column_structure=\u00bb1_3,1_3,1_3&#8243; _builder_version=\u00bb4.16&#8243; _module_preset=\u00bbdefault\u00bb background_enable_color=\u00bboff\u00bb custom_margin=\u00bb-48px||0px||false|false\u00bb custom_padding=\u00bb0px||0px||false|false\u00bb locked=\u00bboff\u00bb global_colors_info=\u00bb{}\u00bb][et_pb_column_inner type=\u00bb1_3&#8243; saved_specialty_column_type=\u00bb1_2&#8243; _builder_version=\u00bb4.16&#8243; _module_preset=\u00bbdefault\u00bb global_colors_info=\u00bb{}\u00bb][et_pb_button button_url=\u00bbhttps:\/\/servipernos.com\/\u00bb button_text=\u00bbInicio\u00bb _builder_version=\u00bb4.16&#8243; _module_preset=\u00bbdefault\u00bb custom_button=\u00bbon\u00bb button_text_color=\u00bbgcid-e16725be-c912-4bff-a369-b180111f03c9&#8243; button_border_width=\u00bb2px\u00bb button_border_radius=\u00bb17px\u00bb button_font=\u00bbAlata|700|||||||\u00bb button_icon=\u00bb&#xf015;||fa||900&#8243; button_icon_placement=\u00bbleft\u00bb button_on_hover=\u00bboff\u00bb custom_margin=\u00bb|162px||-123px|false|false\u00bb custom_padding=\u00bb0px|6px|0px|33px|false|false\u00bb global_colors_info=\u00bb{%22gcid-e16725be-c912-4bff-a369-b180111f03c9%22:%91%22button_text_color%22%93}\u00bb][\/et_pb_button][\/et_pb_column_inner][et_pb_column_inner type=\u00bb1_3&#8243; saved_specialty_column_type=\u00bb1_2&#8243; _builder_version=\u00bb4.16&#8243; _module_preset=\u00bbdefault\u00bb global_colors_info=\u00bb{}\u00bb][et_pb_button button_url=\u00bbhttps:\/\/servipernos.com\/?page_id=5324&#8243; button_text=\u00bbProductos\u00bb _builder_version=\u00bb4.16&#8243; _module_preset=\u00bbdefault\u00bb custom_button=\u00bbon\u00bb button_text_color=\u00bbgcid-e16725be-c912-4bff-a369-b180111f03c9&#8243; button_border_width=\u00bb2px\u00bb button_border_radius=\u00bb17px\u00bb button_font=\u00bbAlata|700|||||||\u00bb button_use_icon=\u00bboff\u00bb custom_margin=\u00bb|652px||-223px|false|false\u00bb custom_padding=\u00bb0px|6px|0px|8px|false|false\u00bb locked=\u00bboff\u00bb global_colors_info=\u00bb{%22gcid-e16725be-c912-4bff-a369-b180111f03c9%22:%91%22button_text_color%22%93}\u00bb][\/et_pb_button][\/et_pb_column_inner][et_pb_column_inner type=\u00bb1_3&#8243; saved_specialty_column_type=\u00bb1_2&#8243; _builder_version=\u00bb4.16&#8243; _module_preset=\u00bbdefault\u00bb global_colors_info=\u00bb{}\u00bb][\/et_pb_column_inner][\/et_pb_row_inner][et_pb_row_inner _builder_version=\u00bb4.16&#8243; _module_preset=\u00bbdefault\u00bb global_colors_info=\u00bb{}\u00bb][et_pb_column_inner saved_specialty_column_type=\u00bb1_2&#8243; _builder_version=\u00bb4.16&#8243; _module_preset=\u00bbdefault\u00bb global_colors_info=\u00bb{}\u00bb][et_pb_blurb title=\u00bb\u00bfHERRAMIENTAS?\u00bb use_icon=\u00bbon\u00bb _builder_version=\u00bb4.16&#8243; _module_preset=\u00bbdefault\u00bb header_font=\u00bbAlata|700|||||||\u00bb header_text_align=\u00bbcenter\u00bb header_text_color=\u00bbgcid-e16725be-c912-4bff-a369-b180111f03c9&#8243; header_font_size=\u00bb50px\u00bb body_font=\u00bbAlata|700|||||||\u00bb body_text_align=\u00bbjustify\u00bb body_text_color=\u00bbgcid-79eaf8fb-df85-443f-b752-a626b4cee94b\u00bb body_font_size=\u00bb20px\u00bb body_letter_spacing=\u00bb2px\u00bb global_colors_info=\u00bb{%22gcid-e16725be-c912-4bff-a369-b180111f03c9%22:%91%22header_text_color%22%93,%22gcid-79eaf8fb-df85-443f-b752-a626b4cee94b%22:%91%22body_text_color%22%93}\u00bb]<p>\u00a0 \u00a0 \u00a0 \u00a0 \u00a0 \u00a0TODO LO QUE NECESITAS Y M\u00c1S<\/p>\n<p><span>Descubra nuestra extensa variedad de herramientas de primera calidad, dise\u00f1adas para potenciar el \u00e9xito de sus proyectos. En Servipernos, garantizamos la calidad en cada herramienta que ofrecemos. \u00bfListo para comenzar? Env\u00edenos sus requerimientos y le responderemos de inmediato. \u00a1Hagamos realidad su proyecto hoy!<\/span><\/p>[\/et_pb_blurb][\/et_pb_column_inner][\/et_pb_row_inner][et_pb_row_inner _builder_version=\u00bb4.16&#8243; _module_preset=\u00bbdefault\u00bb global_colors_info=\u00bb{}\u00bb][et_pb_column_inner saved_specialty_column_type=\u00bb1_2&#8243; _builder_version=\u00bb4.16&#8243; _module_preset=\u00bbdefault\u00bb global_colors_info=\u00bb{}\u00bb][et_pb_button button_url=\u00bbhttps:\/\/servipernos.com\/?page_id=5329&#8243; button_text=\u00bbCOTIZACI\u00d3N\u00bb button_alignment=\u00bbcenter\u00bb _builder_version=\u00bb4.16&#8243; _module_preset=\u00bbdefault\u00bb custom_button=\u00bbon\u00bb button_text_size=\u00bb25px\u00bb button_text_color=\u00bbgcid-5ac792b4-a945-4bcc-bbba-2de574b4002b\u00bb button_bg_color=\u00bbgcid-beb1c924-756a-4026-bac4-ecc35407d947&#8243; button_border_radius=\u00bb16px\u00bb button_font=\u00bbAlata|700|||||||\u00bb button_icon=\u00bb&#xe058;||divi||400&#8243; global_colors_info=\u00bb{%22gcid-beb1c924-756a-4026-bac4-ecc35407d947%22:%91%22button_bg_color%22%93,%22gcid-5ac792b4-a945-4bcc-bbba-2de574b4002b%22:%91%22button_text_color%22%93}\u00bb][\/et_pb_button][\/et_pb_column_inner][\/et_pb_row_inner][\/et_pb_column][et_pb_column type=\u00bb1_2&#8243; _builder_version=\u00bb4.16&#8243; custom_padding=\u00bb|||\u00bb global_colors_info=\u00bb{}\u00bb custom_padding__hover=\u00bb|||\u00bb][et_pb_gallery gallery_ids=\u00bb7028,7027,7026,7025,7024,7023,7022,7016,7017,7018,7019,7020,7021&#8243; gallery_orderby=\u00bbrand\u00bb fullwidth=\u00bbon\u00bb _builder_version=\u00bb4.16&#8243; _module_preset=\u00bbdefault\u00bb min_height=\u00bb468.9px\u00bb custom_margin=\u00bb0px|0px|-39px|0px|false|false\u00bb custom_padding=\u00bb0px|0px|0px|0px|false|false\u00bb auto=\u00bbon\u00bb auto_speed=\u00bb3000&#8243; global_colors_info=\u00bb{}\u00bb][\/et_pb_gallery][\/et_pb_column][\/et_pb_section]\n","protected":false},"excerpt":{"rendered":"<p>\u00a0 \u00a0 \u00a0 \u00a0 \u00a0 \u00a0TODO LO QUE NECESITAS Y M\u00c1S Descubra nuestra extensa variedad de herramientas de primera calidad, dise\u00f1adas para potenciar el \u00e9xito de sus proyectos. En Servipernos, garantizamos la calidad en cada herramienta que ofrecemos. \u00bfListo para comenzar? Env\u00edenos sus requerimientos y le responderemos de inmediato. \u00a1Hagamos realidad su proyecto hoy!<\/p>\n","protected":false},"author":1,"featured_media":0,"parent":0,"menu_order":0,"comment_status":"closed","ping_status":"closed","template":"","meta":{"_et_pb_use_builder":"on","_et_pb_old_content":"<!-- wp:divi\/placeholder \/-->","_et_gb_content_width":"","_monsterinsights_skip_tracking":false,"_monsterinsights_sitenote_active":false,"_monsterinsights_sitenote_note":"","_monsterinsights_sitenote_category":0,"_joinchat":[],"footnotes":""},"class_list":["post-5888","page","type-page","status-publish","hentry"],"aioseo_notices":[],"_links":{"self":[{"href":"https:\/\/servipernos.com\/index.php?rest_route=\/wp\/v2\/pages\/5888","targetHints":{"allow":["GET"]}}],"collection":[{"href":"https:\/\/servipernos.com\/index.php?rest_route=\/wp\/v2\/pages"}],"about":[{"href":"https:\/\/servipernos.com\/index.php?rest_route=\/wp\/v2\/types\/page"}],"author":[{"embeddable":true,"href":"https:\/\/servipernos.com\/index.php?rest_route=\/wp\/v2\/users\/1"}],"replies":[{"embeddable":true,"href":"https:\/\/servipernos.com\/index.php?rest_route=%2Fwp%2Fv2%2Fcomments&post=5888"}],"version-history":[{"count":8,"href":"https:\/\/servipernos.com\/index.php?rest_route=\/wp\/v2\/pages\/5888\/revisions"}],"predecessor-version":[{"id":7933,"href":"https:\/\/servipernos.com\/index.php?rest_route=\/wp\/v2\/pages\/5888\/revisions\/7933"}],"wp:attachment":[{"href":"https:\/\/servipernos.com\/index.php?rest_route=%2Fwp%2Fv2%2Fmedia&parent=5888"}],"curies":[{"name":"wp","href":"https:\/\/api.w.org\/{rel}","templated":true}]}}