{"id":5325,"date":"2021-12-16T23:44:59","date_gmt":"2021-12-16T23:44:59","guid":{"rendered":"https:\/\/servipernos.com\/?page_id=5325"},"modified":"2025-12-08T15:09:26","modified_gmt":"2025-12-08T15:09:26","slug":"informacion-tecnica","status":"publish","type":"page","link":"https:\/\/servipernos.com\/?page_id=5325","title":{"rendered":"INFORMACI\u00d3N T\u00c9CNICA"},"content":{"rendered":"<p>[et_pb_section fb_built=\u00bb1&#8243; _builder_version=\u00bb4.16&#8243; _module_preset=\u00bbdefault\u00bb background_image=\u00bbhttps:\/\/servipernos.com\/wp-content\/uploads\/2022\/01\/fondo-PRINCIPAL8.jpg\u00bb custom_margin=\u00bb0px||0px||false|false\u00bb custom_padding=\u00bb18px||0px||false|false\u00bb locked=\u00bboff\u00bb global_colors_info=\u00bb{}\u00bb][et_pb_row column_structure=\u00bb1_3,1_3,1_3&#8243; _builder_version=\u00bb4.16&#8243; _module_preset=\u00bbdefault\u00bb background_enable_color=\u00bboff\u00bb locked=\u00bboff\u00bb global_colors_info=\u00bb{}\u00bb][et_pb_column type=\u00bb1_3&#8243; _builder_version=\u00bb4.16&#8243; _module_preset=\u00bbdefault\u00bb global_colors_info=\u00bb{}\u00bb][et_pb_text _builder_version=\u00bb4.22.2&#8243; _module_preset=\u00bbdefault\u00bb text_font=\u00bbAlata|700|||||||\u00bb text_text_color=\u00bbgcid-e16725be-c912-4bff-a369-b180111f03c9&#8243; text_font_size=\u00bb18px\u00bb link_font=\u00bbAlata|700|||||||\u00bb link_text_color=\u00bbgcid-e16725be-c912-4bff-a369-b180111f03c9&#8243; background_color=\u00bbgcid-0be312bc-3447-4dae-b5cf-2962d3aa2057&#8243; width=\u00bb100%\u00bb width_tablet=\u00bb100%\u00bb width_phone=\u00bb100%\u00bb width_last_edited=\u00bbon|tablet\u00bb custom_margin=\u00bb-44px|||||\u00bb custom_padding=\u00bb|0px||||\u00bb text_font_size_tablet=\u00bb18px\u00bb text_font_size_phone=\u00bb16px\u00bb text_font_size_last_edited=\u00bbon|desktop\u00bb global_colors_info=\u00bb{%22gcid-e16725be-c912-4bff-a369-b180111f03c9%22:%91%22text_text_color%22,%22link_text_color%22%93,%22gcid-0be312bc-3447-4dae-b5cf-2962d3aa2057%22:%91%22background_color%22%93}\u00bb]<\/p>\n<p>\u00a1BIENVENIDO! \u00a0\u00a0 <a href=\"https:\/\/servipernos.com\/?page_id=5370\">INICIAR SESION \u00a0<\/a>|\u00a0 <a href=\"https:\/\/servipernos.com\/?page_id=7149\">REGISTRO<\/a><\/p>\n<p>[\/et_pb_text][\/et_pb_column][et_pb_column type=\u00bb1_3&#8243; _builder_version=\u00bb4.16&#8243; _module_preset=\u00bbdefault\u00bb global_colors_info=\u00bb{}\u00bb][et_pb_text _builder_version=\u00bb4.22.2&#8243; _module_preset=\u00bbdefault\u00bb text_font=\u00bbAlata|700|||||||\u00bb text_text_color=\u00bbgcid-e16725be-c912-4bff-a369-b180111f03c9&#8243; text_font_size=\u00bb27px\u00bb text_letter_spacing=\u00bb1px\u00bb text_line_height=\u00bb0.9em\u00bb header_2_font=\u00bbAlata|700|||||||\u00bb header_2_text_align=\u00bbcenter\u00bb header_2_text_color=\u00bbgcid-e16725be-c912-4bff-a369-b180111f03c9&#8243; header_2_font_size=\u00bb33px\u00bb background_color=\u00bbgcid-6cd17c80-c9ed-47d1-b7cb-3eb91cab1b69&#8243; transform_scale_tablet=\u00bb\u00bb transform_scale_phone=\u00bb\u00bb transform_scale_last_edited=\u00bbon|desktop\u00bb transform_translate_tablet=\u00bb-13px|0px\u00bb transform_translate_phone=\u00bb-12px|0px\u00bb transform_translate_last_edited=\u00bbon|desktop\u00bb transform_rotate_tablet=\u00bb\u00bb transform_rotate_phone=\u00bb\u00bb transform_rotate_last_edited=\u00bbon|desktop\u00bb transform_skew_tablet=\u00bb\u00bb transform_skew_phone=\u00bb\u00bb transform_skew_last_edited=\u00bbon|desktop\u00bb transform_origin_tablet=\u00bb\u00bb transform_origin_phone=\u00bb\u00bb transform_origin_last_edited=\u00bbon|desktop\u00bb transform_styles_last_edited=\u00bbon|desktop\u00bb text_orientation=\u00bbcenter\u00bb width_tablet=\u00bb\u00bb width_phone=\u00bb\u00bb width_last_edited=\u00bbon|desktop\u00bb max_width_tablet=\u00bb\u00bb max_width_phone=\u00bb\u00bb max_width_last_edited=\u00bbon|phone\u00bb min_height=\u00bb26px\u00bb custom_margin=\u00bb-15px|||29px||\u00bb custom_padding=\u00bb11px||0px|||\u00bb transform_styles_tablet=\u00bb\u00bb transform_styles_phone=\u00bb\u00bb global_colors_info=\u00bb{%22gcid-e16725be-c912-4bff-a369-b180111f03c9%22:%91%22header_2_text_color%22,%22text_text_color%22%93,%22gcid-6cd17c80-c9ed-47d1-b7cb-3eb91cab1b69%22:%91%22background_color%22%93}\u00bb width__hover_enabled=\u00bboff|desktop\u00bb]<\/p>\n<h2 class=\"et_pb_slide_title et-fb-editable-element et-fb-editable-element__editing\" data-shortcode-id=\"1.0.0-1644592949886\" data-quickaccess-id=\"header\" contenteditable=\"true\">INFORMACI\u00d3N T\u00c9CNICA<\/h2>\n<p>[\/et_pb_text][\/et_pb_column][et_pb_column type=\u00bb1_3&#8243; _builder_version=\u00bb4.16&#8243; _module_preset=\u00bbdefault\u00bb global_colors_info=\u00bb{}\u00bb][et_pb_search button_color=\u00bbgcid-0be312bc-3447-4dae-b5cf-2962d3aa2057&#8243; placeholder_color=\u00bbgcid-9924b95b-e4dc-40ee-a927-d7d276d0ee15&#8243; _builder_version=\u00bb4.16&#8243; _module_preset=\u00bbdefault\u00bb form_field_background_color=\u00bb#FFFFFF\u00bb form_field_text_color=\u00bbgcid-74babab7-f6a5-481b-ac1a-1d2f5b6e7c18&#8243; button_font=\u00bbAlata|700|||||||\u00bb button_text_color=\u00bbgcid-e16725be-c912-4bff-a369-b180111f03c9&#8243; button_font_size=\u00bb13px\u00bb form_field_font=\u00bbAlata|700|||||||\u00bb form_field_font_size=\u00bb12px\u00bb custom_margin=\u00bb1px||2px|165px||\u00bb border_radii=\u00bbon||||\u00bb border_width_all=\u00bb2px\u00bb border_color_all=\u00bbgcid-74babab7-f6a5-481b-ac1a-1d2f5b6e7c18&#8243; global_colors_info=\u00bb{%22gcid-74babab7-f6a5-481b-ac1a-1d2f5b6e7c18%22:%91%22border_color_all%22,%22form_field_text_color%22%93,%22gcid-0be312bc-3447-4dae-b5cf-2962d3aa2057%22:%91%22button_color%22%93,%22gcid-e16725be-c912-4bff-a369-b180111f03c9%22:%91%22button_text_color%22%93,%22gcid-9924b95b-e4dc-40ee-a927-d7d276d0ee15%22:%91%22placeholder_color%22%93}\u00bb][\/et_pb_search][\/et_pb_column][\/et_pb_row][\/et_pb_section][et_pb_section fb_built=\u00bb1&#8243; specialty=\u00bbon\u00bb _builder_version=\u00bb4.16&#8243; _module_preset=\u00bbdefault\u00bb background_enable_image=\u00bboff\u00bb custom_margin=\u00bb0px||0px||false|false\u00bb custom_padding=\u00bb||0px||false|false\u00bb top_divider_style=\u00bbcurve2&#8243; top_divider_color=\u00bbgcid-74babab7-f6a5-481b-ac1a-1d2f5b6e7c18&#8243; top_divider_height=\u00bb206px\u00bb top_divider_repeat=\u00bb1x\u00bb top_divider_flip=\u00bbhorizontal|vertical\u00bb bottom_divider_style=\u00bbasymmetric4&#8243; bottom_divider_color=\u00bb#255ba3&#8243; bottom_divider_height=\u00bb198px\u00bb bottom_divider_repeat=\u00bb1x\u00bb bottom_divider_flip=\u00bbhorizontal\u00bb global_colors_info=\u00bb{%22gcid-74babab7-f6a5-481b-ac1a-1d2f5b6e7c18%22:%91%22top_divider_color%22,%22top_divider_color%22%93,%22gcid-bda88d27-6a90-4303-b80f-903049ca75c7%22:%91%22top_divider_color%22%93}\u00bb][et_pb_column type=\u00bb1_2&#8243; specialty_columns=\u00bb2&#8243; _builder_version=\u00bb4.16&#8243; custom_padding=\u00bb|||\u00bb global_colors_info=\u00bb{}\u00bb custom_padding__hover=\u00bb|||\u00bb][et_pb_row_inner column_structure=\u00bb1_2,1_2&#8243; _builder_version=\u00bb4.16&#8243; _module_preset=\u00bbdefault\u00bb background_enable_color=\u00bboff\u00bb custom_margin=\u00bb0px||0px||false|false\u00bb custom_padding=\u00bb0px||0px||false|false\u00bb locked=\u00bboff\u00bb global_colors_info=\u00bb{}\u00bb][et_pb_column_inner type=\u00bb1_2&#8243; saved_specialty_column_type=\u00bb1_2&#8243; _builder_version=\u00bb4.16&#8243; _module_preset=\u00bbdefault\u00bb global_colors_info=\u00bb{}\u00bb][et_pb_button button_url=\u00bbhttps:\/\/servipernos.com\/\u00bb button_text=\u00bbInicio\u00bb _builder_version=\u00bb4.16&#8243; _module_preset=\u00bbdefault\u00bb custom_button=\u00bbon\u00bb button_text_color=\u00bbgcid-e16725be-c912-4bff-a369-b180111f03c9&#8243; button_border_width=\u00bb2px\u00bb button_border_radius=\u00bb17px\u00bb button_font=\u00bbAlata|700|||||||\u00bb button_icon=\u00bb&#xf015;||fa||900&#8243; button_icon_placement=\u00bbleft\u00bb button_on_hover=\u00bboff\u00bb custom_margin=\u00bb-47px|||-128px|false|false\u00bb custom_padding=\u00bb0px|6px|0px|31px|false|false\u00bb global_colors_info=\u00bb{%22gcid-e16725be-c912-4bff-a369-b180111f03c9%22:%91%22button_text_color%22%93}\u00bb][\/et_pb_button][\/et_pb_column_inner][et_pb_column_inner type=\u00bb1_2&#8243; saved_specialty_column_type=\u00bb1_2&#8243; _builder_version=\u00bb4.16&#8243; _module_preset=\u00bbdefault\u00bb global_colors_info=\u00bb{}\u00bb][\/et_pb_column_inner][\/et_pb_row_inner][et_pb_row_inner _builder_version=\u00bb4.16&#8243; _module_preset=\u00bbdefault\u00bb custom_margin=\u00bb0px||0px||false|false\u00bb custom_padding=\u00bb0px||0px||false|false\u00bb global_colors_info=\u00bb{}\u00bb][et_pb_column_inner saved_specialty_column_type=\u00bb1_2&#8243; _builder_version=\u00bb4.16&#8243; _module_preset=\u00bbdefault\u00bb global_colors_info=\u00bb{}\u00bb][et_pb_text _builder_version=\u00bb4.22.2&#8243; _module_preset=\u00bbdefault\u00bb header_2_font=\u00bbAlata|700|||||||\u00bb header_2_text_align=\u00bbcenter\u00bb header_2_text_color=\u00bbgcid-74babab7-f6a5-481b-ac1a-1d2f5b6e7c18&#8243; header_2_font_size=\u00bb30px\u00bb transform_scale_tablet=\u00bb\u00bb transform_scale_phone=\u00bb\u00bb transform_scale_last_edited=\u00bbon|phone\u00bb transform_translate_tablet=\u00bb\u00bb transform_translate_phone=\u00bb6px|18px\u00bb transform_translate_last_edited=\u00bbon|phone\u00bb transform_rotate_tablet=\u00bb\u00bb transform_rotate_phone=\u00bb\u00bb transform_rotate_last_edited=\u00bbon|phone\u00bb transform_skew_tablet=\u00bb\u00bb transform_skew_phone=\u00bb\u00bb transform_skew_last_edited=\u00bbon|phone\u00bb transform_origin_tablet=\u00bb\u00bb transform_origin_phone=\u00bb\u00bb transform_origin_last_edited=\u00bbon|phone\u00bb transform_styles_last_edited=\u00bbon|phone\u00bb custom_margin=\u00bb58px||0px||false|false\u00bb custom_padding=\u00bb0px||0px||false|false\u00bb transform_styles_tablet=\u00bb\u00bb transform_styles_phone=\u00bb\u00bb global_colors_info=\u00bb{%22gcid-74babab7-f6a5-481b-ac1a-1d2f5b6e7c18%22:%91%22header_2_text_color%22%93}\u00bb]<\/p>\n<h2 class=\"elementor-heading-title elementor-size-default\">Normas Aplicables<\/h2>\n<p>[\/et_pb_text][\/et_pb_column_inner][\/et_pb_row_inner][et_pb_row_inner column_structure=\u00bb1_2,1_2&#8243; _builder_version=\u00bb4.22.2&#8243; _module_preset=\u00bbdefault\u00bb transform_scale_tablet=\u00bb\u00bb transform_scale_phone=\u00bb\u00bb transform_scale_last_edited=\u00bbon|phone\u00bb transform_translate_tablet=\u00bb\u00bb transform_translate_phone=\u00bb5px|47px\u00bb transform_translate_last_edited=\u00bbon|phone\u00bb transform_rotate_tablet=\u00bb\u00bb transform_rotate_phone=\u00bb\u00bb transform_rotate_last_edited=\u00bbon|phone\u00bb transform_skew_tablet=\u00bb\u00bb transform_skew_phone=\u00bb\u00bb transform_skew_last_edited=\u00bbon|phone\u00bb transform_origin_tablet=\u00bb\u00bb transform_origin_phone=\u00bb\u00bb transform_origin_last_edited=\u00bbon|phone\u00bb transform_styles_last_edited=\u00bbon|phone\u00bb custom_margin=\u00bb0px||0px|25px|false|false\u00bb custom_padding=\u00bb0px||0px||false|false\u00bb transform_styles_tablet=\u00bb\u00bb transform_styles_phone=\u00bb\u00bb global_colors_info=\u00bb{}\u00bb][et_pb_column_inner type=\u00bb1_2&#8243; saved_specialty_column_type=\u00bb1_2&#8243; _builder_version=\u00bb4.16&#8243; _module_preset=\u00bbdefault\u00bb global_colors_info=\u00bb{}\u00bb][et_pb_toggle title=\u00bbASTM A325&#8243; open_toggle_text_color=\u00bbgcid-4a64d2aa-9c2f-4e10-b0f5-a4642c707617&#8243; open_toggle_background_color=\u00bbgcid-beb1c924-756a-4026-bac4-ecc35407d947&#8243; open_icon_color=\u00bbgcid-4a64d2aa-9c2f-4e10-b0f5-a4642c707617&#8243; _builder_version=\u00bb4.22.2&#8243; _module_preset=\u00bbdefault\u00bb title_text_color=\u00bbgcid-4a64d2aa-9c2f-4e10-b0f5-a4642c707617&#8243; title_font=\u00bbAlata|700|||||||\u00bb title_text_align=\u00bbcenter\u00bb title_font_size=\u00bb20px\u00bb body_font=\u00bbAlata|700|||||||\u00bb body_text_align=\u00bbcenter\u00bb body_text_color=\u00bbgcid-9924b95b-e4dc-40ee-a927-d7d276d0ee15&#8243; body_font_size=\u00bb13px\u00bb text_orientation=\u00bbcenter\u00bb custom_margin=\u00bb0px||0px||false|false\u00bb global_colors_info=\u00bb{%22gcid-4a64d2aa-9c2f-4e10-b0f5-a4642c707617%22:%91%22open_icon_color%22,%22open_toggle_text_color%22,%22title_text_color%22,%22open_icon_color%22,%22open_toggle_text_color%22,%22title_text_color%22%93,%22gcid-beb1c924-756a-4026-bac4-ecc35407d947%22:%91%22open_toggle_background_color%22,%22open_toggle_background_color%22%93,%22gcid-9924b95b-e4dc-40ee-a927-d7d276d0ee15%22:%91%22body_text_color%22,%22body_text_color%22%93}\u00bb]<\/p>\n<p>En 2016,<span>\u00a0<\/span><strong>ASTM A325<\/strong><span>\u00a0<\/span>fue oficialmente retirado y reemplazado por\u00a0ASTM F3125\u00a0, en el cual A325 ahora se convierte en un grado bajo la especificaci\u00f3n F3125.\u00a0La especificaci\u00f3n F3125 es una consolidaci\u00f3n y reemplazo de seis normas ASTM, que incluyen;\u00a0A325, A325M,\u00a0\u00a0A490\u00a0, A490M, F1852, F2280 y.\u00a0Estamos optando por mantener esta informaci\u00f3n t\u00e9cnica sobre la especificaci\u00f3n A325 ahora obsoleta en nuestro sitio web solo con fines informativos y de referencia.<\/p>\n<p>Antes de su retiro en 2016, la especificaci\u00f3n ASTM A325 cubr\u00eda pernos estructurales hexagonales pesados \u200b\u200bde alta resistencia desde 1\/2 \u2033 de di\u00e1metro hasta 1-1 \/ 2 \u2033 de di\u00e1metro.<\/p>\n<p>[\/et_pb_toggle][et_pb_toggle title=\u00bbASTM F1554&#8243; open_toggle_text_color=\u00bbgcid-4a64d2aa-9c2f-4e10-b0f5-a4642c707617&#8243; open_toggle_background_color=\u00bbgcid-beb1c924-756a-4026-bac4-ecc35407d947&#8243; open_icon_color=\u00bbgcid-4a64d2aa-9c2f-4e10-b0f5-a4642c707617&#8243; _builder_version=\u00bb4.16&#8243; _module_preset=\u00bbdefault\u00bb title_text_color=\u00bbgcid-4a64d2aa-9c2f-4e10-b0f5-a4642c707617&#8243; title_font=\u00bbAlata|700|||||||\u00bb title_text_align=\u00bbcenter\u00bb title_font_size=\u00bb20px\u00bb body_font=\u00bbAlata|700|||||||\u00bb body_text_align=\u00bbcenter\u00bb body_text_color=\u00bbgcid-9924b95b-e4dc-40ee-a927-d7d276d0ee15&#8243; body_font_size=\u00bb13px\u00bb text_orientation=\u00bbcenter\u00bb custom_margin=\u00bb0px||0px||false|false\u00bb global_colors_info=\u00bb{%22gcid-4a64d2aa-9c2f-4e10-b0f5-a4642c707617%22:%91%22open_icon_color%22,%22open_toggle_text_color%22,%22title_text_color%22%93,%22gcid-beb1c924-756a-4026-bac4-ecc35407d947%22:%91%22open_toggle_background_color%22%93,%22gcid-9924b95b-e4dc-40ee-a927-d7d276d0ee15%22:%91%22body_text_color%22%93}\u00bb]<\/p>\n<p>La especificaci\u00f3n<span>\u00a0<\/span><strong>ASTM F1554<\/strong><span>\u00a0<\/span>se introdujo en 1994 y cubre los pernos de anclaje dise\u00f1ados para anclar soportes estructurales a cimientos de hormig\u00f3n.\u00a0Los pernos de anclaje F1554 pueden tomar la forma de pernos con cabeza, varillas rectas o pernos de ancla doblados.\u00a0Los tres grados 36, 55 y 105 designan el l\u00edmite el\u00e1stico m\u00ednimo (ksi) del perno de anclaje.\u00a0Los pernos se pueden cortar o roscar por laminaci\u00f3n y un grado 55 soldable se puede sustituir por un grado 36 a opci\u00f3n del proveedor.\u00a0La codificaci\u00f3n de colores en el extremo (36 azul, 55 amarillo y 105 rojo) ayuda a facilitar la identificaci\u00f3n en el campo.\u00a0El marcado permanente del fabricante y del grado est\u00e1 permitido seg\u00fan los requisitos suplementarios S2.<\/p>\n<p>Las aplicaciones de los pernos de anclaje F1554 incluyen columnas en edificios con estructura de acero estructural, postes de sem\u00e1foros y alumbrado p\u00fablico, y estructuras de letreros de autopistas a\u00e9reas, por nombrar solo algunos.<\/p>\n<p>[\/et_pb_toggle][et_pb_toggle title=\u00bbASTM A194&#8243; open_toggle_text_color=\u00bbgcid-4a64d2aa-9c2f-4e10-b0f5-a4642c707617&#8243; open_toggle_background_color=\u00bbgcid-beb1c924-756a-4026-bac4-ecc35407d947&#8243; open_icon_color=\u00bbgcid-4a64d2aa-9c2f-4e10-b0f5-a4642c707617&#8243; _builder_version=\u00bb4.16&#8243; _module_preset=\u00bbdefault\u00bb title_text_color=\u00bbgcid-4a64d2aa-9c2f-4e10-b0f5-a4642c707617&#8243; title_font=\u00bbAlata|700|||||||\u00bb title_text_align=\u00bbcenter\u00bb title_font_size=\u00bb20px\u00bb body_font=\u00bbAlata|700|||||||\u00bb body_text_align=\u00bbcenter\u00bb body_text_color=\u00bbgcid-9924b95b-e4dc-40ee-a927-d7d276d0ee15&#8243; body_font_size=\u00bb13px\u00bb text_orientation=\u00bbcenter\u00bb custom_margin=\u00bb0px||0px||false|false\u00bb global_colors_info=\u00bb{%22gcid-4a64d2aa-9c2f-4e10-b0f5-a4642c707617%22:%91%22open_icon_color%22,%22open_toggle_text_color%22,%22title_text_color%22,%22open_icon_color%22,%22open_toggle_text_color%22,%22title_text_color%22%93,%22gcid-beb1c924-756a-4026-bac4-ecc35407d947%22:%91%22open_toggle_background_color%22,%22open_toggle_background_color%22%93,%22gcid-9924b95b-e4dc-40ee-a927-d7d276d0ee15%22:%91%22body_text_color%22,%22body_text_color%22%93}\u00bb]<\/p>\n<p><span>La especificaci\u00f3n\u00a0<\/span><strong>ASTM A194<\/strong><span>\u00a0cubre tuercas de acero al carbono, de aleaci\u00f3n y de acero inoxidable dise\u00f1adas para uso en servicio de alta presi\u00f3n y \/ o alta temperatura.\u00a0A menos que se especifique lo contrario, se utilizar\u00e1 la Serie Hexagonal Pesada Est\u00e1ndar Nacional Estadounidense (ANSI B 18.2.2).\u00a0Las tuercas de hasta 1 pulgada inclusive de tama\u00f1o nominal deben ser de ajuste de Clase 2B de la Serie UNC.\u00a0Las tuercas de m\u00e1s de 1 pulgada de tama\u00f1o nominal deben ser de ajuste Clase 2B Serie UNC o Clase 2B Serie 8 UN.\u00a0Las tuercas ASTM A194 grado 2H de alta resistencia son comunes en el mercado y a menudo se sustituyen por\u00a0\u00a0tuercas ASTM A563 grado DH\u00a0\u00a0debido a la disponibilidad limitada de tuercas DH en ciertos di\u00e1metros y acabados.<\/span><\/p>\n<p>[\/et_pb_toggle][\/et_pb_column_inner][et_pb_column_inner type=\u00bb1_2&#8243; saved_specialty_column_type=\u00bb1_2&#8243; _builder_version=\u00bb4.16&#8243; _module_preset=\u00bbdefault\u00bb global_colors_info=\u00bb{}\u00bb][et_pb_toggle title=\u00bbASTM A490&#8243; open_toggle_text_color=\u00bbgcid-4a64d2aa-9c2f-4e10-b0f5-a4642c707617&#8243; open_toggle_background_color=\u00bbgcid-beb1c924-756a-4026-bac4-ecc35407d947&#8243; open_icon_color=\u00bbgcid-4a64d2aa-9c2f-4e10-b0f5-a4642c707617&#8243; _builder_version=\u00bb4.16&#8243; _module_preset=\u00bbdefault\u00bb title_text_color=\u00bbgcid-4a64d2aa-9c2f-4e10-b0f5-a4642c707617&#8243; title_font=\u00bbAlata|700|||||||\u00bb title_text_align=\u00bbcenter\u00bb title_font_size=\u00bb20px\u00bb body_font=\u00bbAlata|700|||||||\u00bb body_text_align=\u00bbcenter\u00bb body_text_color=\u00bbgcid-9924b95b-e4dc-40ee-a927-d7d276d0ee15&#8243; body_font_size=\u00bb13px\u00bb text_orientation=\u00bbcenter\u00bb custom_margin=\u00bb0px|65px|0px|-63px|false|false\u00bb locked=\u00bboff\u00bb global_colors_info=\u00bb{%22gcid-4a64d2aa-9c2f-4e10-b0f5-a4642c707617%22:%91%22open_icon_color%22,%22open_toggle_text_color%22,%22title_text_color%22,%22open_icon_color%22,%22open_toggle_text_color%22,%22title_text_color%22%93,%22gcid-beb1c924-756a-4026-bac4-ecc35407d947%22:%91%22open_toggle_background_color%22,%22open_toggle_background_color%22%93,%22gcid-9924b95b-e4dc-40ee-a927-d7d276d0ee15%22:%91%22body_text_color%22,%22body_text_color%22%93}\u00bb]<\/p>\n<p>Nota: En 2016,<span>\u00a0<\/span><strong>ASTM A490<\/strong><span>\u00a0<\/span>fue oficialmente retirado y reemplazado por\u00a0ASTM F3125\u00a0, en el que A490 ahora se convierte en un grado bajo la especificaci\u00f3n F3125.\u00a0La especificaci\u00f3n F3125 es una consolidaci\u00f3n y reemplazo de seis normas ASTM, que incluyen;\u00a0A325\u00a0,\u00a0A325M\u00a0, A490, A490M, F1852 y F2280.\u00a0Estamos eligiendo mantener esta informaci\u00f3n t\u00e9cnica sobre la especificaci\u00f3n A490 ahora obsoleta en nuestro sitio web solo con fines informativos y de referencia.<\/p>\n<p>Antes de su retiro en 2016, la especificaci\u00f3n ASTM A490 cubr\u00eda\u00a0pernos estructurales hexagonales pesados \u200b\u200bde\u00a0acero aleado templado y revenido.\u00a0\u00a0desde 1\/2 \u2033 de di\u00e1metro hasta 1-1 \/ 2 \u2033 de di\u00e1metro con una tensi\u00f3n m\u00ednima de 150 ksi.<\/p>\n<p>[\/et_pb_toggle][et_pb_toggle title=\u00bbASTM A193&#8243; open_toggle_text_color=\u00bbgcid-4a64d2aa-9c2f-4e10-b0f5-a4642c707617&#8243; open_toggle_background_color=\u00bbgcid-beb1c924-756a-4026-bac4-ecc35407d947&#8243; open_icon_color=\u00bbgcid-4a64d2aa-9c2f-4e10-b0f5-a4642c707617&#8243; _builder_version=\u00bb4.16&#8243; _module_preset=\u00bbdefault\u00bb title_text_color=\u00bbgcid-4a64d2aa-9c2f-4e10-b0f5-a4642c707617&#8243; title_font=\u00bbAlata|700|||||||\u00bb title_text_align=\u00bbcenter\u00bb title_font_size=\u00bb20px\u00bb body_font=\u00bbAlata|700|||||||\u00bb body_text_align=\u00bbcenter\u00bb body_text_color=\u00bbgcid-9924b95b-e4dc-40ee-a927-d7d276d0ee15&#8243; body_font_size=\u00bb13px\u00bb text_orientation=\u00bbcenter\u00bb custom_margin=\u00bb0px|65px|0px|-63px|false|false\u00bb locked=\u00bboff\u00bb global_colors_info=\u00bb{%22gcid-4a64d2aa-9c2f-4e10-b0f5-a4642c707617%22:%91%22open_icon_color%22,%22open_toggle_text_color%22,%22title_text_color%22,%22open_icon_color%22,%22open_toggle_text_color%22,%22title_text_color%22,%22open_icon_color%22,%22open_toggle_text_color%22,%22title_text_color%22,%22open_icon_color%22,%22open_toggle_text_color%22,%22title_text_color%22%93,%22gcid-beb1c924-756a-4026-bac4-ecc35407d947%22:%91%22open_toggle_background_color%22,%22open_toggle_background_color%22,%22open_toggle_background_color%22,%22open_toggle_background_color%22%93,%22gcid-9924b95b-e4dc-40ee-a927-d7d276d0ee15%22:%91%22body_text_color%22,%22body_text_color%22,%22body_text_color%22,%22body_text_color%22%93}\u00bb]<\/p>\n<p><span>La norma\u00a0<\/span><strong>ASTM A193<\/strong><span>\u00a0es utilizada en\u00a0barras roscadas\u00a0y esp\u00e1rragos de cero al carbono y acero inoxidable para unir bridas, v\u00e1lvulas, recipientes a presi\u00f3n y accesorios para servicio a alta temperatura y alta presi\u00f3n.<\/span><\/p>\n<p>Antes de su retiro en 2016, la especificaci\u00f3n ASTM A325 cubr\u00eda pernos estructurales hexagonales pesados \u200b\u200bde alta resistencia desde 1\/2 \u2033 de di\u00e1metro hasta 1-1 \/ 2 \u2033 de di\u00e1metro.<\/p>\n<p>Ver Norma ASTM A3125.<\/p>\n<p>[\/et_pb_toggle][et_pb_toggle title=\u00bbASTM F436&#8243; open_toggle_text_color=\u00bbgcid-4a64d2aa-9c2f-4e10-b0f5-a4642c707617&#8243; open_toggle_background_color=\u00bbgcid-beb1c924-756a-4026-bac4-ecc35407d947&#8243; open_icon_color=\u00bbgcid-4a64d2aa-9c2f-4e10-b0f5-a4642c707617&#8243; _builder_version=\u00bb4.16&#8243; _module_preset=\u00bbdefault\u00bb title_text_color=\u00bbgcid-4a64d2aa-9c2f-4e10-b0f5-a4642c707617&#8243; title_font=\u00bbAlata|700|||||||\u00bb title_text_align=\u00bbcenter\u00bb title_font_size=\u00bb20px\u00bb body_font=\u00bbAlata|700|||||||\u00bb body_text_align=\u00bbcenter\u00bb body_text_color=\u00bbgcid-9924b95b-e4dc-40ee-a927-d7d276d0ee15&#8243; body_font_size=\u00bb13px\u00bb text_orientation=\u00bbcenter\u00bb custom_margin=\u00bb0px|65px|0px|-63px|false|false\u00bb locked=\u00bboff\u00bb global_colors_info=\u00bb{%22gcid-4a64d2aa-9c2f-4e10-b0f5-a4642c707617%22:%91%22open_icon_color%22,%22open_toggle_text_color%22,%22title_text_color%22,%22open_icon_color%22,%22open_toggle_text_color%22,%22title_text_color%22,%22open_icon_color%22,%22open_toggle_text_color%22,%22title_text_color%22,%22open_icon_color%22,%22open_toggle_text_color%22,%22title_text_color%22%93,%22gcid-beb1c924-756a-4026-bac4-ecc35407d947%22:%91%22open_toggle_background_color%22,%22open_toggle_background_color%22,%22open_toggle_background_color%22,%22open_toggle_background_color%22%93,%22gcid-9924b95b-e4dc-40ee-a927-d7d276d0ee15%22:%91%22body_text_color%22,%22body_text_color%22,%22body_text_color%22,%22body_text_color%22%93}\u00bb]<\/p>\n<p><strong>ASTM F436<\/strong><span>\u00a0cubre los requisitos qu\u00edmicos y mec\u00e1nicos para arandelas endurecidas en di\u00e1metros que van desde 1\/4 \u2033 a 4 \u2033 inclusive.\u00a0Estas arandelas tratados t\u00e9rmicamente son para uso general y uso estructural y son adecuados para su uso con\u00a0\u00a0A325\u00a0\u00a0y\u00a0\u00a0A490\u00a0\u00a0pernos estructurales.\u00a0Adem\u00e1s, se utilizan con pernos seg\u00fan\u00a0\u00a0A449\u00a0,\u00a0\u00a0A354\u00a0,\u00a0\u00a0A193\u00a0,\u00a0\u00a0A320\u00a0,\u00a0\u00a0F1554\u00a0\u00a0y siempre que se especifique.<\/span><\/p>\n<p>[\/et_pb_toggle][\/et_pb_column_inner][\/et_pb_row_inner][\/et_pb_column][et_pb_column type=\u00bb1_2&#8243; _builder_version=\u00bb4.16&#8243; custom_padding=\u00bb|||\u00bb global_colors_info=\u00bb{}\u00bb custom_padding__hover=\u00bb|||\u00bb][et_pb_image src=\u00bbhttps:\/\/servipernos.com\/wp-content\/uploads\/2025\/12\/instrumentos-dibujo-tecnico-planos-ingenieria-servipernos.jpg\u00bb title_text=\u00bbinstrumentos-dibujo-tecnico-planos-ingenieria-servipernos\u00bb _builder_version=\u00bb4.22.2&#8243; _module_preset=\u00bbdefault\u00bb custom_margin=\u00bb71px||97px|||\u00bb hover_enabled=\u00bb0&#8243; global_colors_info=\u00bb{}\u00bb alt=\u00bbInstrumentos de dibujo t\u00e9cnico sobre planos de ingenier\u00eda, incluyendo escuadras, reglas y l\u00e1pices.\u00bb sticky_enabled=\u00bb0&#8243;][\/et_pb_image][\/et_pb_column][\/et_pb_section]<\/p>\n","protected":false},"excerpt":{"rendered":"<p>\u00a1BIENVENIDO! \u00a0\u00a0 INICIAR SESION \u00a0|\u00a0 REGISTROINFORMACI\u00d3N T\u00c9CNICANormas AplicablesEn 2016,\u00a0ASTM A325\u00a0fue oficialmente retirado y reemplazado por\u00a0ASTM F3125\u00a0, en el cual A325 ahora se convierte en un grado bajo la especificaci\u00f3n F3125.\u00a0La especificaci\u00f3n F3125 es una consolidaci\u00f3n y reemplazo de seis normas ASTM, que incluyen;\u00a0A325, A325M,\u00a0\u00a0A490\u00a0, A490M, F1852, F2280 y.\u00a0Estamos optando por mantener esta informaci\u00f3n t\u00e9cnica sobre [&hellip;]<\/p>\n","protected":false},"author":1,"featured_media":0,"parent":0,"menu_order":0,"comment_status":"closed","ping_status":"closed","template":"","meta":{"_et_pb_use_builder":"on","_et_pb_old_content":"","_et_gb_content_width":"","_monsterinsights_skip_tracking":false,"_monsterinsights_sitenote_active":false,"_monsterinsights_sitenote_note":"","_monsterinsights_sitenote_category":0,"_joinchat":[],"footnotes":""},"class_list":["post-5325","page","type-page","status-publish","hentry"],"aioseo_notices":[],"_links":{"self":[{"href":"https:\/\/servipernos.com\/index.php?rest_route=\/wp\/v2\/pages\/5325","targetHints":{"allow":["GET"]}}],"collection":[{"href":"https:\/\/servipernos.com\/index.php?rest_route=\/wp\/v2\/pages"}],"about":[{"href":"https:\/\/servipernos.com\/index.php?rest_route=\/wp\/v2\/types\/page"}],"author":[{"embeddable":true,"href":"https:\/\/servipernos.com\/index.php?rest_route=\/wp\/v2\/users\/1"}],"replies":[{"embeddable":true,"href":"https:\/\/servipernos.com\/index.php?rest_route=%2Fwp%2Fv2%2Fcomments&post=5325"}],"version-history":[{"count":17,"href":"https:\/\/servipernos.com\/index.php?rest_route=\/wp\/v2\/pages\/5325\/revisions"}],"predecessor-version":[{"id":8080,"href":"https:\/\/servipernos.com\/index.php?rest_route=\/wp\/v2\/pages\/5325\/revisions\/8080"}],"wp:attachment":[{"href":"https:\/\/servipernos.com\/index.php?rest_route=%2Fwp%2Fv2%2Fmedia&parent=5325"}],"curies":[{"name":"wp","href":"https:\/\/api.w.org\/{rel}","templated":true}]}}