{"id":2,"date":"2021-12-14T16:09:18","date_gmt":"2021-12-14T16:09:18","guid":{"rendered":"https:\/\/servipernos.com\/?page_id=2"},"modified":"2023-11-11T16:05:52","modified_gmt":"2023-11-11T16:05:52","slug":"pagina-ejemplo","status":"publish","type":"page","link":"https:\/\/servipernos.com\/?page_id=2","title":{"rendered":"TERMINOS DE VENTA"},"content":{"rendered":"\n[et_pb_section fb_built=\u00bb1&#8243; _builder_version=\u00bb4.13.0&#8243; _module_preset=\u00bbdefault\u00bb background_image=\u00bbhttps:\/\/servipernos.com\/wp-content\/uploads\/2022\/01\/fondo-PRINCIPAL8.jpg\u00bb custom_margin=\u00bb0px||0px||false|false\u00bb custom_padding=\u00bb18px||0px||false|false\u00bb locked=\u00bboff\u00bb global_colors_info=\u00bb{}\u00bb][et_pb_row column_structure=\u00bb1_3,1_3,1_3&#8243; _builder_version=\u00bb4.13.0&#8243; _module_preset=\u00bbdefault\u00bb background_enable_color=\u00bboff\u00bb global_colors_info=\u00bb{}\u00bb][et_pb_column type=\u00bb1_3&#8243; _builder_version=\u00bb4.13.0&#8243; _module_preset=\u00bbdefault\u00bb global_colors_info=\u00bb{}\u00bb][et_pb_text _builder_version=\u00bb4.13.0&#8243; _module_preset=\u00bbdefault\u00bb text_font=\u00bbAlata|700|||||||\u00bb text_text_color=\u00bbgcid-e16725be-c912-4bff-a369-b180111f03c9&#8243; text_font_size=\u00bb19px\u00bb link_font=\u00bbAlata|700|||||||\u00bb link_text_color=\u00bbgcid-e16725be-c912-4bff-a369-b180111f03c9&#8243; background_color=\u00bbgcid-0be312bc-3447-4dae-b5cf-2962d3aa2057&#8243; custom_margin=\u00bb-44px|||||\u00bb global_colors_info=\u00bb{%22gcid-e16725be-c912-4bff-a369-b180111f03c9%22:%91%22text_text_color%22,%22link_text_color%22%93,%22gcid-0be312bc-3447-4dae-b5cf-2962d3aa2057%22:%91%22background_color%22%93}\u00bb]<p>\u00a1BIENVENIDO! \u00a0\u00a0 <a href=\"https:\/\/servipernos.com\/?page_id=5370\">INICIAR SESION \u00a0<\/a>|\u00a0 <a href=\"https:\/\/servipernos.com\/?page_id=7149\">REGISTRO<\/a><\/p>[\/et_pb_text][\/et_pb_column][et_pb_column type=\u00bb1_3&#8243; _builder_version=\u00bb4.13.0&#8243; _module_preset=\u00bbdefault\u00bb global_colors_info=\u00bb{}\u00bb][et_pb_text _builder_version=\u00bb4.13.0&#8243; _module_preset=\u00bbdefault\u00bb text_font=\u00bbAlata|700|||||||\u00bb text_text_color=\u00bbgcid-e16725be-c912-4bff-a369-b180111f03c9&#8243; text_font_size=\u00bb27px\u00bb header_2_font=\u00bbAlata|700|||||||\u00bb header_2_text_align=\u00bbcenter\u00bb header_2_text_color=\u00bbgcid-e16725be-c912-4bff-a369-b180111f03c9&#8243; header_2_font_size=\u00bb38px\u00bb background_color=\u00bbgcid-6cd17c80-c9ed-47d1-b7cb-3eb91cab1b69&#8243; text_orientation=\u00bbcenter\u00bb width=\u00bb100%\u00bb custom_margin=\u00bb-15px|||29px||\u00bb custom_padding=\u00bb11px||15px|||\u00bb hover_enabled=\u00bb0&#8243; global_colors_info=\u00bb{%22gcid-e16725be-c912-4bff-a369-b180111f03c9%22:%91%22header_2_text_color%22,%22text_text_color%22%93,%22gcid-6cd17c80-c9ed-47d1-b7cb-3eb91cab1b69%22:%91%22background_color%22%93}\u00bb sticky_enabled=\u00bb0&#8243; text_letter_spacing=\u00bb1px\u00bb text_line_height=\u00bb0.9em\u00bb]<p>T\u00c9RMINOS DE VENTA<\/p>[\/et_pb_text][\/et_pb_column][et_pb_column type=\u00bb1_3&#8243; _builder_version=\u00bb4.13.0&#8243; _module_preset=\u00bbdefault\u00bb global_colors_info=\u00bb{}\u00bb][et_pb_search button_color=\u00bbgcid-0be312bc-3447-4dae-b5cf-2962d3aa2057&#8243; placeholder_color=\u00bbgcid-9924b95b-e4dc-40ee-a927-d7d276d0ee15&#8243; _builder_version=\u00bb4.13.0&#8243; _module_preset=\u00bbdefault\u00bb form_field_background_color=\u00bb#FFFFFF\u00bb form_field_text_color=\u00bbgcid-74babab7-f6a5-481b-ac1a-1d2f5b6e7c18&#8243; button_font=\u00bbAlata|700|||||||\u00bb button_text_color=\u00bbgcid-e16725be-c912-4bff-a369-b180111f03c9&#8243; button_font_size=\u00bb13px\u00bb form_field_font=\u00bbAlata|700|||||||\u00bb form_field_font_size=\u00bb12px\u00bb custom_margin=\u00bb1px||2px|165px||\u00bb border_radii=\u00bbon||||\u00bb border_width_all=\u00bb2px\u00bb border_color_all=\u00bbgcid-74babab7-f6a5-481b-ac1a-1d2f5b6e7c18&#8243; global_colors_info=\u00bb{%22gcid-74babab7-f6a5-481b-ac1a-1d2f5b6e7c18%22:%91%22border_color_all%22,%22form_field_text_color%22%93,%22gcid-0be312bc-3447-4dae-b5cf-2962d3aa2057%22:%91%22button_color%22%93,%22gcid-e16725be-c912-4bff-a369-b180111f03c9%22:%91%22button_text_color%22%93,%22gcid-9924b95b-e4dc-40ee-a927-d7d276d0ee15%22:%91%22placeholder_color%22%93}\u00bb][\/et_pb_search][\/et_pb_column][\/et_pb_row][\/et_pb_section][et_pb_section fb_built=\u00bb1&#8243; admin_label=\u00bbsection\u00bb _builder_version=\u00bb3.22&#8243; global_colors_info=\u00bb{%22gcid-bda88d27-6a90-4303-b80f-903049ca75c7%22:%91%22top_divider_color%22%93}\u00bb use_background_color_gradient=\u00bbon\u00bb background_color_gradient_start=\u00bbgcid-5ac792b4-a945-4bcc-bbba-2de574b4002b\u00bb background_color_gradient_end=\u00bbgcid-bda88d27-6a90-4303-b80f-903049ca75c7&#8243; background_color_gradient_direction=\u00bb178deg\u00bb background_color_gradient_start_position=\u00bb45%\u00bb background_color_gradient_end_position=\u00bb64%\u00bb background_enable_image=\u00bboff\u00bb custom_margin=\u00bb0px||0px||false|false\u00bb custom_padding=\u00bb58px||||false|false\u00bb top_divider_style=\u00bbasymmetric4&#8243; top_divider_color=\u00bbgcid-bda88d27-6a90-4303-b80f-903049ca75c7&#8243; top_divider_height=\u00bb206px\u00bb top_divider_repeat=\u00bb1x\u00bb top_divider_flip=\u00bbhorizontal|vertical\u00bb bottom_divider_style=\u00bbasymmetric4&#8243; bottom_divider_color=\u00bb#255ba3&#8243; bottom_divider_height=\u00bb198px\u00bb bottom_divider_repeat=\u00bb1x\u00bb bottom_divider_flip=\u00bbhorizontal\u00bb locked=\u00bboff\u00bb][et_pb_row column_structure=\u00bb1_3,1_3,1_3&#8243; _builder_version=\u00bb4.13.0&#8243; _module_preset=\u00bbdefault\u00bb background_enable_color=\u00bboff\u00bb custom_margin=\u00bb-48px||0px||false|false\u00bb custom_padding=\u00bb0px||0px||false|false\u00bb locked=\u00bboff\u00bb collapsed=\u00bboff\u00bb global_colors_info=\u00bb{}\u00bb][et_pb_column type=\u00bb1_3&#8243; saved_specialty_column_type=\u00bb1_2&#8243; _builder_version=\u00bb4.13.0&#8243; _module_preset=\u00bbdefault\u00bb global_colors_info=\u00bb{}\u00bb][et_pb_button button_url=\u00bbhttps:\/\/servipernos.com\/\u00bb button_text=\u00bbInicio\u00bb _builder_version=\u00bb4.13.0&#8243; _module_preset=\u00bbdefault\u00bb custom_button=\u00bbon\u00bb button_text_color=\u00bbgcid-e16725be-c912-4bff-a369-b180111f03c9&#8243; button_border_width=\u00bb2px\u00bb button_border_radius=\u00bb17px\u00bb button_font=\u00bbAlata|700|||||||\u00bb button_icon=\u00bb&#xf015;||fa||900&#8243; button_icon_placement=\u00bbleft\u00bb button_on_hover=\u00bboff\u00bb custom_margin=\u00bb|162px||10px|false|false\u00bb custom_padding=\u00bb0px|6px|0px|33px|false|false\u00bb hover_enabled=\u00bb0&#8243; global_colors_info=\u00bb{%22gcid-e16725be-c912-4bff-a369-b180111f03c9%22:%91%22button_text_color%22%93}\u00bb sticky_enabled=\u00bb0&#8243;][\/et_pb_button][\/et_pb_column][et_pb_column type=\u00bb1_3&#8243; saved_specialty_column_type=\u00bb1_2&#8243; _builder_version=\u00bb4.13.0&#8243; _module_preset=\u00bbdefault\u00bb global_colors_info=\u00bb{}\u00bb][\/et_pb_column][et_pb_column type=\u00bb1_3&#8243; saved_specialty_column_type=\u00bb1_2&#8243; _builder_version=\u00bb4.13.0&#8243; _module_preset=\u00bbdefault\u00bb global_colors_info=\u00bb{}\u00bb][\/et_pb_column][\/et_pb_row][et_pb_row admin_label=\u00bbrow\u00bb _builder_version=\u00bb4.13.0&#8243; background_size=\u00bbinitial\u00bb background_position=\u00bbtop_left\u00bb background_repeat=\u00bbrepeat\u00bb hover_enabled=\u00bb0&#8243; global_colors_info=\u00bb{}\u00bb background_enable_color=\u00bboff\u00bb sticky_enabled=\u00bb0&#8243;][et_pb_column type=\u00bb4_4&#8243; _builder_version=\u00bb3.25&#8243; custom_padding=\u00bb|||\u00bb global_colors_info=\u00bb{}\u00bb custom_padding__hover=\u00bb|||\u00bb][et_pb_text admin_label=\u00bbText\u00bb _builder_version=\u00bb4.13.0&#8243; background_size=\u00bbinitial\u00bb background_position=\u00bbtop_left\u00bb background_repeat=\u00bbrepeat\u00bb hover_enabled=\u00bb0&#8243; global_colors_info=\u00bb{%22gcid-e16725be-c912-4bff-a369-b180111f03c9%22:%91%22header_2_text_color%22%93}\u00bb header_2_font=\u00bbAlata|700|||||||\u00bb header_2_text_align=\u00bbcenter\u00bb header_2_text_color=\u00bbgcid-e16725be-c912-4bff-a369-b180111f03c9&#8243; header_2_font_size=\u00bb30px\u00bb text_font=\u00bbAlata||||||||\u00bb text_text_color=\u00bb#000000&#8243; text_orientation=\u00bbcenter\u00bb sticky_enabled=\u00bb0&#8243; text_font_size=\u00bb18px\u00bb inline_fonts=\u00bbAlata\u00bb custom_padding=\u00bb|||0px||\u00bb width=\u00bb88.1%\u00bb custom_margin=\u00bb|||55px|false|false\u00bb]<p><!-- divi:heading --><\/p>\n<h2><strong>1. PEDIDOS Y FACTURACI\u00d3N<\/strong><\/h2>\n<p><span style=\"color: #000000; font-family: Alata; font-weight: normal;\">\u2013 Todos los precios de nuestros productos son actualizados peri\u00f3dicamente y NO incluyen IVA.<\/span><\/p>\n<p><span style=\"color: #000000; font-family: Alata; font-weight: normal;\">\u2013 Al realizar la compra el cliente debe ingresar la informaci\u00f3n necesaria para el env\u00edo y el pago del mismo. La informaci\u00f3n de tarjetas de cr\u00e9dito que el cliente ingresa NO queda almacenada.<\/span><\/p>\n<p><span style=\"color: #000000; font-family: Alata; font-weight: normal;\">\u2013 El tiempo de entrega depender\u00e1 de la disponibilidad de los productos, el lugar de destino para la entrega y nuestro stock. Cualquier retraso ser\u00e1 comunicado al cliente antes de finalizar la compra para que pueda anular su pedido o cambiar un producto por otro.<\/span><\/p>\n<p><span style=\"color: #000000; font-family: Alata; font-weight: normal;\">\u2013 El cliente es responsable de verificar que su pedido est\u00e9 completo en el momento de la entrega ya sea en nuestro Local\/Bodega o a Domicilio. Al firmar el recib\u00ed conforme el cliente acepta que su pedido est\u00e1 completo y en perfecto.<\/span><\/p>\n<p><span style=\"color: #000000; font-family: Alata; font-weight: normal;\">\u2013 Si el cliente al momento de realizar la verificaci\u00f3n de su pedido, constata que existe alg\u00fan error en el despacho del mismo, la persona que entrega el pedido realizar\u00e1 el cambio del producto err\u00f3neo en el menor tiempo posible.<\/span><\/p>\n<p><span style=\"color: #000000; font-family: Alata; font-weight: normal;\">\u2013 En caso de que el cliente al momento de recibir su pedido (el mismo d\u00eda), evidencie alg\u00fan error en su despacho del pedido, deber\u00e1 comunicarse para reportar la novedad y poder solventar el inconveniente lo antes posible.<\/span><\/p>\n<p><span style=\"color: #000000; font-family: Alata; font-weight: normal;\">\u2013 La factura de la compra realizada llegar\u00e1 a su correo electr\u00f3nico registrado, se emitir\u00e1 un recibo de la misma que sirve como respaldo de la compra efectuada hasta que su pedido sea entregado.<\/span><\/p>\n<p><span style=\"color: #000000; font-family: Alata; font-weight: normal;\">\u2013 Las entregas a domicilio aplican a las ciudades y sectores donde Nuestros Servicios de Transporte afiliados tiene cobertura.<\/span><\/p>\n<p><span style=\"color: #000000; font-family: Alata; font-weight: normal;\">\u2013 Para conocer acerca de nuestras pol\u00edticas de cambios y\/o devoluciones, dir\u00edjase a nuestra pagina de \u201c<a href=\"https:\/\/distripernos.com\/devoluciones-2\/\" style=\"color: #000000;\">Devoluci\u00f3n<\/a>\u201d.<\/span><\/p>\n<h2><strong>2. FORMAS DE PAGO<\/strong><\/h2>\n<p><span style=\"color: #000000;\">Puede realizar sus compras mediante efectivo, tarjetas de cr\u00e9dito, dep\u00f3sitos y transferencias bancarias de forma totalmente segura.<\/span><\/p>\n<h2><strong>3. CLAVES DE ACCESO Y N\u00daMEROS CONFIDENCIALES<\/strong><\/h2>\n<p><span style=\"color: #000000;\">En todo momento, el usuario es el responsable \u00fanico y final de mantener en secreto el n\u00famero de sus claves con los cuales tenga acceso a los servicios y contenidos de este sitio<\/span><\/p>\n<p><!-- \/divi:paragraph --><\/p>[\/et_pb_text][\/et_pb_column][\/et_pb_row][\/et_pb_section]\n","protected":false},"excerpt":{"rendered":"<p>\u00a1BIENVENIDO! \u00a0\u00a0 INICIAR SESION \u00a0|\u00a0 REGISTROT\u00c9RMINOS DE VENTA 1. PEDIDOS Y FACTURACI\u00d3N \u2013 Todos los precios de nuestros productos son actualizados peri\u00f3dicamente y NO incluyen IVA. \u2013 Al realizar la compra el cliente debe ingresar la informaci\u00f3n necesaria para el env\u00edo y el pago del mismo. La informaci\u00f3n de tarjetas de cr\u00e9dito que el cliente [&hellip;]<\/p>\n","protected":false},"author":1,"featured_media":0,"parent":0,"menu_order":0,"comment_status":"closed","ping_status":"open","template":"","meta":{"_et_pb_use_builder":"on","_et_pb_old_content":"<!-- wp:paragraph -->\n<p>Esta es una p\u00e1gina de ejemplo. Es diferente a una entrada del blog porque permanecer\u00e1 en un solo lugar y aparecer\u00e1 en la navegaci\u00f3n de tu sitio (en la mayor\u00eda de los temas). La mayor\u00eda de las personas comienzan con una p\u00e1gina \u00abAcerca de\u00bb que les presenta a los visitantes potenciales del sitio. Podr\u00edas decir algo as\u00ed:<\/p>\n<!-- \/wp:paragraph -->\n\n<!-- wp:quote -->\n<blockquote class=\"wp-block-quote\"><p>\u00a1Bienvenido! Soy camarero de d\u00eda, aspirante a actor de noche y esta es mi web. Vivo en Mairena del Alcor, tengo un perro que se llama Firulais y me gusta el rebujito. (Y las tardes largas con caf\u00e9).<\/p><\/blockquote>\n<!-- \/wp:quote -->\n\n<!-- wp:paragraph -->\n<p>\u2026o algo as\u00ed:<\/p>\n<!-- \/wp:paragraph -->\n\n<!-- wp:quote -->\n<blockquote class=\"wp-block-quote\"><p>La empresa \u00abMariscos Recio\u00bb fue fundada por Antonio Recio Mata. Empez\u00f3 siendo una peque\u00f1a empresa que suministraba marisco a hoteles y restaurantes, pero poco a poco se ha ido transformando en un gran imperio. Mariscos Recio, el mar al mejor precio.<\/p><\/blockquote>\n<!-- \/wp:quote -->\n\n<!-- wp:paragraph -->\n<p>Como nuevo usuario de WordPress, deber\u00edas ir a <a href=\"https:\/\/servipernos.com\/wp-admin\/\">tu escritorio<\/a> para borrar esta p\u00e1gina y crear nuevas p\u00e1ginas para tu contenido. \u00a1P\u00e1salo bien!<\/p>\n<!-- \/wp:paragraph -->","_et_gb_content_width":"","_monsterinsights_skip_tracking":false,"_monsterinsights_sitenote_active":false,"_monsterinsights_sitenote_note":"","_monsterinsights_sitenote_category":0,"_joinchat":[],"footnotes":""},"class_list":["post-2","page","type-page","status-publish","hentry"],"aioseo_notices":[],"_links":{"self":[{"href":"https:\/\/servipernos.com\/index.php?rest_route=\/wp\/v2\/pages\/2","targetHints":{"allow":["GET"]}}],"collection":[{"href":"https:\/\/servipernos.com\/index.php?rest_route=\/wp\/v2\/pages"}],"about":[{"href":"https:\/\/servipernos.com\/index.php?rest_route=\/wp\/v2\/types\/page"}],"author":[{"embeddable":true,"href":"https:\/\/servipernos.com\/index.php?rest_route=\/wp\/v2\/users\/1"}],"replies":[{"embeddable":true,"href":"https:\/\/servipernos.com\/index.php?rest_route=%2Fwp%2Fv2%2Fcomments&post=2"}],"version-history":[{"count":7,"href":"https:\/\/servipernos.com\/index.php?rest_route=\/wp\/v2\/pages\/2\/revisions"}],"predecessor-version":[{"id":7984,"href":"https:\/\/servipernos.com\/index.php?rest_route=\/wp\/v2\/pages\/2\/revisions\/7984"}],"wp:attachment":[{"href":"https:\/\/servipernos.com\/index.php?rest_route=%2Fwp%2Fv2%2Fmedia&parent=2"}],"curies":[{"name":"wp","href":"https:\/\/api.w.org\/{rel}","templated":true}]}}